{"id":1238,"date":"2018-09-04T14:28:26","date_gmt":"2018-09-04T12:28:26","guid":{"rendered":"http:\/\/www.drc.si\/?page_id=1238"},"modified":"2022-05-09T13:02:05","modified_gmt":"2022-05-09T11:02:05","slug":"about-us","status":"publish","type":"page","link":"https:\/\/www.drc-zdruzenje.si\/en\/about-us\/","title":{"rendered":"About us"},"content":{"rendered":"\n<div data-elementor-type=\"wp-page\" data-elementor-id=\"1238\" class=\"elementor elementor-1238 elementor-6\">\n<section class=\"elementor-section elementor-top-section elementor-element elementor-element-3db88616 elementor-section-boxed elementor-section-height-default elementor-section-height-default\" data-id=\"3db88616\" data-element_type=\"section\" data-e-type=\"section\">\n<div class=\"elementor-container elementor-column-gap-default\">\n<div class=\"elementor-column elementor-col-100 elementor-top-column elementor-element elementor-element-38fa4fd8\" data-id=\"38fa4fd8\" data-element_type=\"column\" data-e-type=\"column\">\n<div class=\"elementor-widget-wrap elementor-element-populated\">\n<div class=\"elementor-element elementor-element-7d252b04 elementor-widget elementor-widget-text-editor\" data-id=\"7d252b04\" data-element_type=\"widget\" data-e-type=\"widget\" data-widget_type=\"text-editor.default\">\n<div class=\"elementor-widget-container\">\n<h3>Management<\/h3>\n<ul>\n<li>\n<p>Evstahij Drmota, B.Sc. econ. \u2013 director<\/p>\n<\/li>\n<\/ul>\n<h3>Committees<\/h3>\n<ol>\n<li><b>DRC Supervisory Board<\/b>\n<ul>\n<li>Marijan Pre\u0161eren \u2013 president<\/li>\n<li>Dr. Andrej Godec \u2013 vice-president<\/li>\n<li>Andrej Jan \u2013 member<\/li>\n<\/ul>\n<\/li>\n<li><strong>Programski svet DRC<\/strong>\n<ul>\n<li>Doc. dr. Peter Lipar \u2013 president<\/li>\n<li>Ksenija Marc \u2013 member<\/li>\n<li>Dr. Samo Peter Medved \u2013 member<\/li>\n<li>Dr. Ale\u0161 \u017dnidari\u010d \u2013 member<\/li>\n<li>Janez Prosen \u2013 member<\/li>\n<\/ul>\n<\/li>\n<\/ol>\n<h3>Member organizations<\/h3>\n<ol>\n<li><a href=\"http:\/\/www.dclj.si\/\"><b>Road Society Ljubljana<\/b><\/a><br \/>Masarykova cesta 14, 1000 Ljubljana<br \/>Shareholder share: 20% in share capital<\/li>\n<li><a href=\"http:\/\/www.dcm-svs.si\/\"><b>DCM Road Association of Northeastern Slovenia<\/b><\/a><br \/>Smetanova ulica 17, 2000 Maribor<br \/>Shareholder share: 20% in share capital<\/li>\n<li><b>Road Association of Primorska Region<\/b><br \/>Vipavska cesta 3, Ajdov\u0161\u010dina<br \/>Shareholder share: 20% in share capital<\/li>\n<li><a href=\"http:\/\/www.dc-jvs.si\/\"><b>Road Association of South-Eastern Slovenia<\/b><\/a><br \/>Ljubljanska cesta 36, 8000 Novo mesto<br \/>Shareholder share: 20% in share capital<\/li>\n<li><a href=\"http:\/\/www.zdruzenje-zas.si\/\"><b>ZAS, Association of Asphalt Pavers of Slovenia<\/b><\/a><br \/>Kotnikova cesta 32, Ljubljana<br \/>Shareholder share: 20% in share capital<\/li>\n<\/ol><\/div>\n<\/p><\/div>\n<\/p><\/div>\n<\/p><\/div>\n<\/p><\/div>\n<\/section><\/div>\n","protected":false},"excerpt":{"rendered":"<p>Management Evstahij Drmota, B.Sc. econ. \u2013 director Committees DRC Supervisory Board Marijan Pre\u0161eren \u2013 president Dr. Andrej Godec \u2013 vice-president Andrej Jan \u2013 member Programski svet DRC Doc. dr. Peter Lipar \u2013 president Ksenija Marc \u2013 member Dr. Samo Peter &hellip; <a href=\"https:\/\/www.drc-zdruzenje.si\/en\/about-us\/\">Nadaljuj z branjem <span class=\"meta-nav\">&rarr;<\/span><\/a><\/p>\n","protected":false},"author":5,"featured_media":0,"parent":0,"menu_order":0,"comment_status":"closed","ping_status":"closed","template":"","meta":{"ngg_post_thumbnail":0,"footnotes":""},"class_list":["post-1238","page","type-page","status-publish","hentry"],"_links":{"self":[{"href":"https:\/\/www.drc-zdruzenje.si\/en\/wp-json\/wp\/v2\/pages\/1238","targetHints":{"allow":["GET"]}}],"collection":[{"href":"https:\/\/www.drc-zdruzenje.si\/en\/wp-json\/wp\/v2\/pages"}],"about":[{"href":"https:\/\/www.drc-zdruzenje.si\/en\/wp-json\/wp\/v2\/types\/page"}],"author":[{"embeddable":true,"href":"https:\/\/www.drc-zdruzenje.si\/en\/wp-json\/wp\/v2\/users\/5"}],"replies":[{"embeddable":true,"href":"https:\/\/www.drc-zdruzenje.si\/en\/wp-json\/wp\/v2\/comments?post=1238"}],"version-history":[{"count":10,"href":"https:\/\/www.drc-zdruzenje.si\/en\/wp-json\/wp\/v2\/pages\/1238\/revisions"}],"predecessor-version":[{"id":3195,"href":"https:\/\/www.drc-zdruzenje.si\/en\/wp-json\/wp\/v2\/pages\/1238\/revisions\/3195"}],"wp:attachment":[{"href":"https:\/\/www.drc-zdruzenje.si\/en\/wp-json\/wp\/v2\/media?parent=1238"}],"curies":[{"name":"wp","href":"https:\/\/api.w.org\/{rel}","templated":true}]}}